{"id":8041,"date":"2020-04-07T13:58:31","date_gmt":"2020-04-07T13:58:31","guid":{"rendered":"https:\/\/the7.io\/business-advisors\/?page_id=9"},"modified":"2022-07-13T09:59:37","modified_gmt":"2022-07-13T09:59:37","slug":"over_ons","status":"publish","type":"page","link":"https:\/\/www.allstargroup.nl\/?page_id=8041","title":{"rendered":"Over ons"},"content":{"rendered":"\t\t<div data-elementor-type=\"wp-page\" data-elementor-id=\"8041\" class=\"elementor elementor-8041\">\n\t\t\t\t\t\t<section class=\"elementor-section elementor-top-section elementor-element elementor-element-d8f876b elementor-section-height-min-height elementor-section-items-stretch elementor-section-content-middle elementor-section-boxed elementor-section-height-default\" data-id=\"d8f876b\" data-element_type=\"section\">\n\t\t\t\t\t\t<div class=\"elementor-container elementor-column-gap-no\">\n\t\t\t\t\t<div class=\"elementor-column elementor-col-100 elementor-top-column elementor-element elementor-element-28d57ee\" data-id=\"28d57ee\" data-element_type=\"column\">\n\t\t\t<div class=\"elementor-widget-wrap elementor-element-populated\">\n\t\t\t\t\t\t<section class=\"elementor-section elementor-inner-section elementor-element elementor-element-b10ea7d elementor-reverse-tablet elementor-reverse-mobile elementor-section-boxed elementor-section-height-default elementor-section-height-default\" data-id=\"b10ea7d\" data-element_type=\"section\">\n\t\t\t\t\t\t<div class=\"elementor-container elementor-column-gap-wider\">\n\t\t\t\t\t<div class=\"elementor-column elementor-col-50 elementor-inner-column elementor-element elementor-element-033a778\" data-id=\"033a778\" data-element_type=\"column\">\n\t\t\t<div class=\"elementor-widget-wrap elementor-element-populated\">\n\t\t\t\t\t\t<div class=\"elementor-element elementor-element-1fb5515 elementor-widget elementor-widget-heading\" data-id=\"1fb5515\" data-element_type=\"widget\" data-widget_type=\"heading.default\">\n\t\t\t\t<div class=\"elementor-widget-container\">\n\t\t\t<h3 class=\"elementor-heading-title elementor-size-default\">Over All Star Group;<\/h3>\t\t<\/div>\n\t\t\t\t<\/div>\n\t\t\t\t<div class=\"elementor-element elementor-element-5030ace elementor-widget elementor-widget-spacer\" data-id=\"5030ace\" data-element_type=\"widget\" data-widget_type=\"spacer.default\">\n\t\t\t\t<div class=\"elementor-widget-container\">\n\t\t\t\t\t<div class=\"elementor-spacer\">\n\t\t\t<div class=\"elementor-spacer-inner\"><\/div>\n\t\t<\/div>\n\t\t\t\t<\/div>\n\t\t\t\t<\/div>\n\t\t\t\t<div class=\"elementor-element elementor-element-cfacc5f elementor-widget-tablet__width-inherit elementor-widget elementor-widget-heading\" data-id=\"cfacc5f\" data-element_type=\"widget\" data-widget_type=\"heading.default\">\n\t\t\t\t<div class=\"elementor-widget-container\">\n\t\t\t<h4 class=\"elementor-heading-title elementor-size-default\">Wat in 2006 begon als een bijbaantje is gegroeid tot een van de succesvolste onderneming in zijn sector. \n\nAll Star is een verpakking en etiketeer bedrijf voor uw producten. Dit doen wij snel en hygi\u00ebnisch. Met onze vaste team die begrijpt wat u wilt kunnen we u van dienst zijn, om acties te draaien en te assisteren bij topdrukte, dit zijn \u00e9\u00e9n van de specialiteiten van ons bedrijf. Daarbij bent u verzekerd van een effici\u00ebnte en innovatieve werkwijze. \n\n<br>\n<br>\n\nDe sectoren waarin All Star Group actief in is:\n<br>\n<br>\n\n\n\n<br>- Productie\n<br>\n\n- Pluimvee\n<br>\n\n- In- ompak van vlees producten\n<br>\n\n- Etiketeren van verpakkingingen\n\n<br>\n\n- Commerci\u00eble vastgoed\n<br>\n\n<br>\n\n\n<br>\n<br>\n\nHoe dan ook: bij All Star zit je goed. Je mag ons namelijk specialist noemen in ons werk.\n<br>\n<br>\n\n\n\n<br>\n<br>\n\n<br>\n\n\n<\/h4>\t\t<\/div>\n\t\t\t\t<\/div>\n\t\t\t\t<div class=\"elementor-element elementor-element-3afa459 elementor-widget elementor-widget-spacer\" data-id=\"3afa459\" data-element_type=\"widget\" data-widget_type=\"spacer.default\">\n\t\t\t\t<div class=\"elementor-widget-container\">\n\t\t\t\t\t<div class=\"elementor-spacer\">\n\t\t\t<div class=\"elementor-spacer-inner\"><\/div>\n\t\t<\/div>\n\t\t\t\t<\/div>\n\t\t\t\t<\/div>\n\t\t\t\t<div class=\"elementor-element elementor-element-2ea9479 elementor-widget elementor-widget-spacer\" data-id=\"2ea9479\" data-element_type=\"widget\" data-widget_type=\"spacer.default\">\n\t\t\t\t<div class=\"elementor-widget-container\">\n\t\t\t\t\t<div class=\"elementor-spacer\">\n\t\t\t<div class=\"elementor-spacer-inner\"><\/div>\n\t\t<\/div>\n\t\t\t\t<\/div>\n\t\t\t\t<\/div>\n\t\t\t\t\t<\/div>\n\t\t<\/div>\n\t\t\t\t<div class=\"elementor-column elementor-col-50 elementor-inner-column elementor-element elementor-element-edcfeab\" data-id=\"edcfeab\" data-element_type=\"column\">\n\t\t\t<div class=\"elementor-widget-wrap elementor-element-populated\">\n\t\t\t\t\t\t<div class=\"elementor-element elementor-element-af8e15b elementor-widget__width-initial elementor-widget-mobile__width-auto elementor-widget elementor-widget-image\" data-id=\"af8e15b\" data-element_type=\"widget\" data-widget_type=\"image.default\">\n\t\t\t\t<div class=\"elementor-widget-container\">\n\t\t\t\t\t\t\t\t\t\t\t\t\t<img src=\"https:\/\/www.allstargroup.nl\/wp-content\/uploads\/2022\/03\/logo-yazisiz.svg\" title=\"logo yazisiz\" alt=\"logo yazisiz\" loading=\"lazy\" \/>\t\t\t\t\t\t\t\t\t\t\t\t\t<\/div>\n\t\t\t\t<\/div>\n\t\t\t\t<div class=\"elementor-element elementor-element-f22c2d6 elementor-absolute elementor-view-default elementor-widget elementor-widget-icon\" data-id=\"f22c2d6\" data-element_type=\"widget\" data-settings=\"{&quot;_position&quot;:&quot;absolute&quot;}\" data-widget_type=\"icon.default\">\n\t\t\t\t<div class=\"elementor-widget-container\">\n\t\t\t\t\t<div class=\"elementor-icon-wrapper\">\n\t\t\t<div class=\"elementor-icon\">\n\t\t\t<svg xmlns=\"http:\/\/www.w3.org\/2000\/svg\" xmlns:xlink=\"http:\/\/www.w3.org\/1999\/xlink\" id=\"Layer_1\" x=\"0px\" y=\"0px\" viewBox=\"0 0 300 300\" style=\"enable-background:new 0 0 300 300;\" xml:space=\"preserve\"><style type=\"text\/css\">\t.st0{display:none;}<\/style><path id=\"blob_3_\" class=\"st0\" d=\"M267.5,196.1c-22.9,31.1-59.2,59-108.1,84.2c-51.9,20.3-95,12.9-131.1-42  c-32.1-48.8-29.1-90.2,14.5-132.1C86.4,64.1,138.5,35,194.6,15c44.9-16,84.9,2.6,93.6,47.9C298.5,122.7,293.2,161.3,267.5,196.1z\"><\/path><path id=\"blob\" d=\"M268.7,201.4c-24,30.7-60.8,58.2-110.5,82.5s-93.1,8.9-130.2-46s-31.1-99.5,18-133.5S146.7,40.8,200.5,16  s84.7-7.8,92.5,51.1S292.7,170.7,268.7,201.4z\"><\/path><\/svg>\t\t\t<\/div>\n\t\t<\/div>\n\t\t\t\t<\/div>\n\t\t\t\t<\/div>\n\t\t\t\t<div class=\"elementor-element elementor-element-f35e315 elementor-absolute elementor-view-default elementor-widget elementor-widget-icon\" data-id=\"f35e315\" data-element_type=\"widget\" data-settings=\"{&quot;_position&quot;:&quot;absolute&quot;}\" data-widget_type=\"icon.default\">\n\t\t\t\t<div class=\"elementor-widget-container\">\n\t\t\t\t\t<div class=\"elementor-icon-wrapper\">\n\t\t\t<div class=\"elementor-icon\">\n\t\t\t<svg xmlns=\"http:\/\/www.w3.org\/2000\/svg\" xmlns:xlink=\"http:\/\/www.w3.org\/1999\/xlink\" id=\"Layer_1\" x=\"0px\" y=\"0px\" viewBox=\"0 0 300 300\" style=\"enable-background:new 0 0 300 300;\" xml:space=\"preserve\"><path id=\"blob_1_\" d=\"M105.6,279.6C57.8,254.6,25.7,215,9.4,160.6s1-90.1,51.7-107s94.1-28.9,130.5-35.8s64.9,5.9,86,38.4  c21.1,32.4,24.4,64.8,10.1,96.9c-14.3,32.1-36.3,67.5-66,106.2S153.4,304.5,105.6,279.6z\"><\/path><\/svg>\t\t\t<\/div>\n\t\t<\/div>\n\t\t\t\t<\/div>\n\t\t\t\t<\/div>\n\t\t\t\t\t<\/div>\n\t\t<\/div>\n\t\t\t\t\t<\/div>\n\t\t<\/section>\n\t\t\t\t\t<\/div>\n\t\t<\/div>\n\t\t\t\t\t<\/div>\n\t\t<\/section>\n\t\t\t\t<\/div>\n\t\t","protected":false},"excerpt":{"rendered":"<p>Over All Star Group; Wat in 2006 begon als een bijbaantje is gegroeid tot een van de succesvolste onderneming in zijn sector. All Star is een verpakking en etiketeer bedrijf voor uw producten. Dit doen wij snel en hygi\u00ebnisch. Met onze vaste team die begrijpt wat u wilt kunnen we u van dienst zijn, om&hellip;<\/p>\n","protected":false},"author":1,"featured_media":0,"parent":0,"menu_order":4,"comment_status":"closed","ping_status":"closed","template":"","meta":{"inline_featured_image":false},"_links":{"self":[{"href":"https:\/\/www.allstargroup.nl\/index.php?rest_route=\/wp\/v2\/pages\/8041"}],"collection":[{"href":"https:\/\/www.allstargroup.nl\/index.php?rest_route=\/wp\/v2\/pages"}],"about":[{"href":"https:\/\/www.allstargroup.nl\/index.php?rest_route=\/wp\/v2\/types\/page"}],"author":[{"embeddable":true,"href":"https:\/\/www.allstargroup.nl\/index.php?rest_route=\/wp\/v2\/users\/1"}],"replies":[{"embeddable":true,"href":"https:\/\/www.allstargroup.nl\/index.php?rest_route=%2Fwp%2Fv2%2Fcomments&post=8041"}],"version-history":[{"count":34,"href":"https:\/\/www.allstargroup.nl\/index.php?rest_route=\/wp\/v2\/pages\/8041\/revisions"}],"predecessor-version":[{"id":8696,"href":"https:\/\/www.allstargroup.nl\/index.php?rest_route=\/wp\/v2\/pages\/8041\/revisions\/8696"}],"wp:attachment":[{"href":"https:\/\/www.allstargroup.nl\/index.php?rest_route=%2Fwp%2Fv2%2Fmedia&parent=8041"}],"curies":[{"name":"wp","href":"https:\/\/api.w.org\/{rel}","templated":true}]}}